{"id":1502,"date":"2019-11-02T12:34:11","date_gmt":"2019-11-02T11:34:11","guid":{"rendered":"https:\/\/muellermassage.ch\/?page_id=1502"},"modified":"2020-07-17T11:20:24","modified_gmt":"2020-07-17T09:20:24","slug":"kosten","status":"publish","type":"page","link":"https:\/\/muellermassage.ch\/?page_id=1502","title":{"rendered":"Kosten"},"content":{"rendered":"\n<p>Ein Grossteil der Krankenkassen \u00fcbernimmt im Rahmen einer Zusatzversicherung f\u00fcr Komplement\u00e4rmedizin einen Teil der Kosten. Bitte erkundigen Sie sich vor der Behandlung bei Ihrer Versicherung.&nbsp;<\/p>\n\n\n\n<p>Die Behandlung ben\u00f6tigt keine \u00e4rztliche \u00dcberweisung, in speziellen F\u00e4llen ist eine Vorabkl\u00e4rung durch Ihren Arzt aber sicher sinnvoll.<\/p>\n\n\n\n<p>30 Minuten\u00a0 CHF 60.00\u00a0<\/p>\n\n\n\n<p>60 Minuten\u00a0 CHF 120.00<\/p>\n\n\n\n<p>90 Minuten \u00a0 CHF 180.00<\/p>\n\n\n\n<p><strong>GUTSCHEINE<\/strong><\/p>\n\n\n\n<p>Eine Massage ist ein ideales Geschenk f\u00fcr ein Familienmitglied oder den Freundeskreis, &nbsp; eine Wertsch\u00e4tzung f\u00fcr Angestellte und Kunden.  Gerne stelle ich Ihnen einen Gutschein oder auch ein Abo-Gutschein f\u00fcr mehrere Massagen aus.&nbsp;<\/p>\n\n\n\n<p>Falls es Ihnen nicht m\u00f6glich ist in meine Praxis zu kommen, komme ich auch gerne bei Ihnen zu Hause oder im Gesch\u00e4ft vorbei. Gerne erstelle ich Ihnen eine Offerte.<br><\/p>\n","protected":false},"excerpt":{"rendered":"<p>Ein Grossteil der Krankenkassen \u00fcbernimmt im Rahmen einer Zusatzversicherung f\u00fcr Komplement\u00e4rmedizin einen Teil der Kosten. Bitte erkundigen Sie sich vor der Behandlung bei Ihrer Versicherung.&nbsp; Die Behandlung ben\u00f6tigt keine \u00e4rztliche \u00dcberweisung, in speziellen F\u00e4llen ist eine Vorabkl\u00e4rung durch Ihren Arzt aber sicher sinnvoll. 30 Minuten\u00a0 CHF 60.00\u00a0 60 Minuten\u00a0 CHF 120.00 90 Minuten \u00a0 CHF [&hellip;]<\/p>\n","protected":false},"author":1,"featured_media":0,"parent":0,"menu_order":0,"comment_status":"closed","ping_status":"closed","template":"","meta":{"_et_pb_use_builder":"","_et_pb_old_content":"","_et_gb_content_width":""},"yoast_head":"<!-- This site is optimized with the Yoast SEO plugin v18.2 - https:\/\/yoast.com\/wordpress\/plugins\/seo\/ -->\n<title>Kosten - Anna M\u00fcller Massage<\/title>\n<meta name=\"robots\" content=\"index, follow, max-snippet:-1, max-image-preview:large, max-video-preview:-1\" \/>\n<link rel=\"canonical\" href=\"https:\/\/muellermassage.ch\/?page_id=1502\" \/>\n<meta property=\"og:locale\" content=\"de_DE\" \/>\n<meta property=\"og:type\" content=\"article\" \/>\n<meta property=\"og:title\" content=\"Kosten - Anna M\u00fcller Massage\" \/>\n<meta property=\"og:description\" content=\"Ein Grossteil der Krankenkassen \u00fcbernimmt im Rahmen einer Zusatzversicherung f\u00fcr Komplement\u00e4rmedizin einen Teil der Kosten. Bitte erkundigen Sie sich vor der Behandlung bei Ihrer Versicherung.&nbsp; Die Behandlung ben\u00f6tigt keine \u00e4rztliche \u00dcberweisung, in speziellen F\u00e4llen ist eine Vorabkl\u00e4rung durch Ihren Arzt aber sicher sinnvoll. 30 Minuten\u00a0 CHF 60.00\u00a0 60 Minuten\u00a0 CHF 120.00 90 Minuten \u00a0 CHF [&hellip;]\" \/>\n<meta property=\"og:url\" content=\"https:\/\/muellermassage.ch\/?page_id=1502\" \/>\n<meta property=\"og:site_name\" content=\"Anna M\u00fcller Massage\" \/>\n<meta property=\"article:modified_time\" content=\"2020-07-17T09:20:24+00:00\" \/>\n<meta name=\"twitter:card\" content=\"summary_large_image\" \/>\n<meta name=\"twitter:label1\" content=\"Est. reading time\" \/>\n\t<meta name=\"twitter:data1\" content=\"1 Minute\" \/>\n<script type=\"application\/ld+json\" class=\"yoast-schema-graph\">{\"@context\":\"https:\/\/schema.org\",\"@graph\":[{\"@type\":\"Organization\",\"@id\":\"https:\/\/muellermassage.ch\/#organization\",\"name\":\"Massage Praxis Anna M\u00fcller Meggen\",\"url\":\"https:\/\/muellermassage.ch\/\",\"sameAs\":[\"https:\/\/www.instagram.com\/massagepraxis_anna_mueller\/\"],\"logo\":{\"@type\":\"ImageObject\",\"@id\":\"https:\/\/muellermassage.ch\/#logo\",\"inLanguage\":\"de-CH\",\"url\":\"https:\/\/muellermassage.ch\/wp-content\/uploads\/2019\/11\/MassageraumAnna1.jpg\",\"contentUrl\":\"https:\/\/muellermassage.ch\/wp-content\/uploads\/2019\/11\/MassageraumAnna1.jpg\",\"width\":1024,\"height\":688,\"caption\":\"Massage Praxis Anna M\u00fcller Meggen\"},\"image\":{\"@id\":\"https:\/\/muellermassage.ch\/#logo\"}},{\"@type\":\"WebSite\",\"@id\":\"https:\/\/muellermassage.ch\/#website\",\"url\":\"https:\/\/muellermassage.ch\/\",\"name\":\"Anna M\u00fcller Massage\",\"description\":\"Massage in Meggen\",\"publisher\":{\"@id\":\"https:\/\/muellermassage.ch\/#organization\"},\"potentialAction\":[{\"@type\":\"SearchAction\",\"target\":{\"@type\":\"EntryPoint\",\"urlTemplate\":\"https:\/\/muellermassage.ch\/?s={search_term_string}\"},\"query-input\":\"required name=search_term_string\"}],\"inLanguage\":\"de-CH\"},{\"@type\":\"WebPage\",\"@id\":\"https:\/\/muellermassage.ch\/?page_id=1502#webpage\",\"url\":\"https:\/\/muellermassage.ch\/?page_id=1502\",\"name\":\"Kosten - Anna M\u00fcller Massage\",\"isPartOf\":{\"@id\":\"https:\/\/muellermassage.ch\/#website\"},\"datePublished\":\"2019-11-02T11:34:11+00:00\",\"dateModified\":\"2020-07-17T09:20:24+00:00\",\"breadcrumb\":{\"@id\":\"https:\/\/muellermassage.ch\/?page_id=1502#breadcrumb\"},\"inLanguage\":\"de-CH\",\"potentialAction\":[{\"@type\":\"ReadAction\",\"target\":[\"https:\/\/muellermassage.ch\/?page_id=1502\"]}]},{\"@type\":\"BreadcrumbList\",\"@id\":\"https:\/\/muellermassage.ch\/?page_id=1502#breadcrumb\",\"itemListElement\":[{\"@type\":\"ListItem\",\"position\":1,\"name\":\"Home\",\"item\":\"https:\/\/muellermassage.ch\/\"},{\"@type\":\"ListItem\",\"position\":2,\"name\":\"Kosten\"}]}]}<\/script>\n<!-- \/ Yoast SEO plugin. -->","yoast_head_json":{"title":"Kosten - Anna M\u00fcller Massage","robots":{"index":"index","follow":"follow","max-snippet":"max-snippet:-1","max-image-preview":"max-image-preview:large","max-video-preview":"max-video-preview:-1"},"canonical":"https:\/\/muellermassage.ch\/?page_id=1502","og_locale":"de_DE","og_type":"article","og_title":"Kosten - Anna M\u00fcller Massage","og_description":"Ein Grossteil der Krankenkassen \u00fcbernimmt im Rahmen einer Zusatzversicherung f\u00fcr Komplement\u00e4rmedizin einen Teil der Kosten. Bitte erkundigen Sie sich vor der Behandlung bei Ihrer Versicherung.&nbsp; Die Behandlung ben\u00f6tigt keine \u00e4rztliche \u00dcberweisung, in speziellen F\u00e4llen ist eine Vorabkl\u00e4rung durch Ihren Arzt aber sicher sinnvoll. 30 Minuten\u00a0 CHF 60.00\u00a0 60 Minuten\u00a0 CHF 120.00 90 Minuten \u00a0 CHF [&hellip;]","og_url":"https:\/\/muellermassage.ch\/?page_id=1502","og_site_name":"Anna M\u00fcller Massage","article_modified_time":"2020-07-17T09:20:24+00:00","twitter_card":"summary_large_image","twitter_misc":{"Est. reading time":"1 Minute"},"schema":{"@context":"https:\/\/schema.org","@graph":[{"@type":"Organization","@id":"https:\/\/muellermassage.ch\/#organization","name":"Massage Praxis Anna M\u00fcller Meggen","url":"https:\/\/muellermassage.ch\/","sameAs":["https:\/\/www.instagram.com\/massagepraxis_anna_mueller\/"],"logo":{"@type":"ImageObject","@id":"https:\/\/muellermassage.ch\/#logo","inLanguage":"de-CH","url":"https:\/\/muellermassage.ch\/wp-content\/uploads\/2019\/11\/MassageraumAnna1.jpg","contentUrl":"https:\/\/muellermassage.ch\/wp-content\/uploads\/2019\/11\/MassageraumAnna1.jpg","width":1024,"height":688,"caption":"Massage Praxis Anna M\u00fcller Meggen"},"image":{"@id":"https:\/\/muellermassage.ch\/#logo"}},{"@type":"WebSite","@id":"https:\/\/muellermassage.ch\/#website","url":"https:\/\/muellermassage.ch\/","name":"Anna M\u00fcller Massage","description":"Massage in Meggen","publisher":{"@id":"https:\/\/muellermassage.ch\/#organization"},"potentialAction":[{"@type":"SearchAction","target":{"@type":"EntryPoint","urlTemplate":"https:\/\/muellermassage.ch\/?s={search_term_string}"},"query-input":"required name=search_term_string"}],"inLanguage":"de-CH"},{"@type":"WebPage","@id":"https:\/\/muellermassage.ch\/?page_id=1502#webpage","url":"https:\/\/muellermassage.ch\/?page_id=1502","name":"Kosten - Anna M\u00fcller Massage","isPartOf":{"@id":"https:\/\/muellermassage.ch\/#website"},"datePublished":"2019-11-02T11:34:11+00:00","dateModified":"2020-07-17T09:20:24+00:00","breadcrumb":{"@id":"https:\/\/muellermassage.ch\/?page_id=1502#breadcrumb"},"inLanguage":"de-CH","potentialAction":[{"@type":"ReadAction","target":["https:\/\/muellermassage.ch\/?page_id=1502"]}]},{"@type":"BreadcrumbList","@id":"https:\/\/muellermassage.ch\/?page_id=1502#breadcrumb","itemListElement":[{"@type":"ListItem","position":1,"name":"Home","item":"https:\/\/muellermassage.ch\/"},{"@type":"ListItem","position":2,"name":"Kosten"}]}]}},"_links":{"self":[{"href":"https:\/\/muellermassage.ch\/index.php?rest_route=\/wp\/v2\/pages\/1502"}],"collection":[{"href":"https:\/\/muellermassage.ch\/index.php?rest_route=\/wp\/v2\/pages"}],"about":[{"href":"https:\/\/muellermassage.ch\/index.php?rest_route=\/wp\/v2\/types\/page"}],"author":[{"embeddable":true,"href":"https:\/\/muellermassage.ch\/index.php?rest_route=\/wp\/v2\/users\/1"}],"replies":[{"embeddable":true,"href":"https:\/\/muellermassage.ch\/index.php?rest_route=%2Fwp%2Fv2%2Fcomments&post=1502"}],"version-history":[{"count":5,"href":"https:\/\/muellermassage.ch\/index.php?rest_route=\/wp\/v2\/pages\/1502\/revisions"}],"predecessor-version":[{"id":1526,"href":"https:\/\/muellermassage.ch\/index.php?rest_route=\/wp\/v2\/pages\/1502\/revisions\/1526"}],"wp:attachment":[{"href":"https:\/\/muellermassage.ch\/index.php?rest_route=%2Fwp%2Fv2%2Fmedia&parent=1502"}],"curies":[{"name":"wp","href":"https:\/\/api.w.org\/{rel}","templated":true}]}}