{"id":17,"date":"2016-02-12T08:09:36","date_gmt":"2016-02-12T08:09:36","guid":{"rendered":"http:\/\/demos.famethemes.com\/onepress\/?page_id=17"},"modified":"2020-09-29T12:31:20","modified_gmt":"2020-09-29T10:31:20","slug":"our-history","status":"publish","type":"page","link":"https:\/\/muellermassage.ch\/?page_id=17","title":{"rendered":"\u00dcber mich text"},"content":{"rendered":"<p>Mein Name ist Anna M\u00fcller. Ich bin diplomierte Massagetherapeutin und durch die Auszeichnung des G\u00fctesiegels \u2018EMR-Qualit\u00e4tslabel\u2019 auch krankenkassenanerkannt. Nach mehreren Jahren im Berufsfeld Kleinkinderziehung habe ich mich in der renommierten Massage-Fachschule Dickerhof zur klassischen Masseurin ausbilden lassen. Ich freue mich darauf, Sie mit einer klassischen Massage zu unterst\u00fctzen und ihre Lebensqualit\u00e4t zu verbessern. Kommen Sie vorbei und werden Sie wieder locker!<\/p>\n","protected":false},"excerpt":{"rendered":"<p>Nullam ut tempor eros. Donec faucibus, velit et imperdiet aliquam, lacus velit luctus urna, vitae porttitor orci libero id felis.<\/p>\n","protected":false},"author":2,"featured_media":0,"parent":0,"menu_order":0,"comment_status":"closed","ping_status":"closed","template":"","meta":{"_et_pb_use_builder":"","_et_pb_old_content":"","_et_gb_content_width":""},"yoast_head":"<!-- This site is optimized with the Yoast SEO plugin v18.2 - https:\/\/yoast.com\/wordpress\/plugins\/seo\/ -->\n<title>\u00dcber mich text - Anna M\u00fcller Massage<\/title>\n<meta name=\"robots\" content=\"index, follow, max-snippet:-1, max-image-preview:large, max-video-preview:-1\" \/>\n<link rel=\"canonical\" href=\"https:\/\/muellermassage.ch\/?page_id=17\" \/>\n<meta property=\"og:locale\" content=\"de_DE\" \/>\n<meta property=\"og:type\" content=\"article\" \/>\n<meta property=\"og:title\" content=\"\u00dcber mich text - Anna M\u00fcller Massage\" \/>\n<meta property=\"og:description\" content=\"Nullam ut tempor eros. Donec faucibus, velit et imperdiet aliquam, lacus velit luctus urna, vitae porttitor orci libero id felis.\" \/>\n<meta property=\"og:url\" content=\"https:\/\/muellermassage.ch\/?page_id=17\" \/>\n<meta property=\"og:site_name\" content=\"Anna M\u00fcller Massage\" \/>\n<meta property=\"article:modified_time\" content=\"2020-09-29T10:31:20+00:00\" \/>\n<meta name=\"twitter:card\" content=\"summary_large_image\" \/>\n<script type=\"application\/ld+json\" class=\"yoast-schema-graph\">{\"@context\":\"https:\/\/schema.org\",\"@graph\":[{\"@type\":\"Organization\",\"@id\":\"https:\/\/muellermassage.ch\/#organization\",\"name\":\"Massage Praxis Anna M\u00fcller Meggen\",\"url\":\"https:\/\/muellermassage.ch\/\",\"sameAs\":[\"https:\/\/www.instagram.com\/massagepraxis_anna_mueller\/\"],\"logo\":{\"@type\":\"ImageObject\",\"@id\":\"https:\/\/muellermassage.ch\/#logo\",\"inLanguage\":\"de-CH\",\"url\":\"https:\/\/muellermassage.ch\/wp-content\/uploads\/2019\/11\/MassageraumAnna1.jpg\",\"contentUrl\":\"https:\/\/muellermassage.ch\/wp-content\/uploads\/2019\/11\/MassageraumAnna1.jpg\",\"width\":1024,\"height\":688,\"caption\":\"Massage Praxis Anna M\u00fcller Meggen\"},\"image\":{\"@id\":\"https:\/\/muellermassage.ch\/#logo\"}},{\"@type\":\"WebSite\",\"@id\":\"https:\/\/muellermassage.ch\/#website\",\"url\":\"https:\/\/muellermassage.ch\/\",\"name\":\"Anna M\u00fcller Massage\",\"description\":\"Massage in Meggen\",\"publisher\":{\"@id\":\"https:\/\/muellermassage.ch\/#organization\"},\"potentialAction\":[{\"@type\":\"SearchAction\",\"target\":{\"@type\":\"EntryPoint\",\"urlTemplate\":\"https:\/\/muellermassage.ch\/?s={search_term_string}\"},\"query-input\":\"required name=search_term_string\"}],\"inLanguage\":\"de-CH\"},{\"@type\":\"WebPage\",\"@id\":\"https:\/\/muellermassage.ch\/?page_id=17#webpage\",\"url\":\"https:\/\/muellermassage.ch\/?page_id=17\",\"name\":\"\u00dcber mich text - Anna M\u00fcller Massage\",\"isPartOf\":{\"@id\":\"https:\/\/muellermassage.ch\/#website\"},\"datePublished\":\"2016-02-12T08:09:36+00:00\",\"dateModified\":\"2020-09-29T10:31:20+00:00\",\"breadcrumb\":{\"@id\":\"https:\/\/muellermassage.ch\/?page_id=17#breadcrumb\"},\"inLanguage\":\"de-CH\",\"potentialAction\":[{\"@type\":\"ReadAction\",\"target\":[\"https:\/\/muellermassage.ch\/?page_id=17\"]}]},{\"@type\":\"BreadcrumbList\",\"@id\":\"https:\/\/muellermassage.ch\/?page_id=17#breadcrumb\",\"itemListElement\":[{\"@type\":\"ListItem\",\"position\":1,\"name\":\"Home\",\"item\":\"https:\/\/muellermassage.ch\/\"},{\"@type\":\"ListItem\",\"position\":2,\"name\":\"\u00dcber mich text\"}]}]}<\/script>\n<!-- \/ Yoast SEO plugin. -->","yoast_head_json":{"title":"\u00dcber mich text - Anna M\u00fcller Massage","robots":{"index":"index","follow":"follow","max-snippet":"max-snippet:-1","max-image-preview":"max-image-preview:large","max-video-preview":"max-video-preview:-1"},"canonical":"https:\/\/muellermassage.ch\/?page_id=17","og_locale":"de_DE","og_type":"article","og_title":"\u00dcber mich text - Anna M\u00fcller Massage","og_description":"Nullam ut tempor eros. Donec faucibus, velit et imperdiet aliquam, lacus velit luctus urna, vitae porttitor orci libero id felis.","og_url":"https:\/\/muellermassage.ch\/?page_id=17","og_site_name":"Anna M\u00fcller Massage","article_modified_time":"2020-09-29T10:31:20+00:00","twitter_card":"summary_large_image","schema":{"@context":"https:\/\/schema.org","@graph":[{"@type":"Organization","@id":"https:\/\/muellermassage.ch\/#organization","name":"Massage Praxis Anna M\u00fcller Meggen","url":"https:\/\/muellermassage.ch\/","sameAs":["https:\/\/www.instagram.com\/massagepraxis_anna_mueller\/"],"logo":{"@type":"ImageObject","@id":"https:\/\/muellermassage.ch\/#logo","inLanguage":"de-CH","url":"https:\/\/muellermassage.ch\/wp-content\/uploads\/2019\/11\/MassageraumAnna1.jpg","contentUrl":"https:\/\/muellermassage.ch\/wp-content\/uploads\/2019\/11\/MassageraumAnna1.jpg","width":1024,"height":688,"caption":"Massage Praxis Anna M\u00fcller Meggen"},"image":{"@id":"https:\/\/muellermassage.ch\/#logo"}},{"@type":"WebSite","@id":"https:\/\/muellermassage.ch\/#website","url":"https:\/\/muellermassage.ch\/","name":"Anna M\u00fcller Massage","description":"Massage in Meggen","publisher":{"@id":"https:\/\/muellermassage.ch\/#organization"},"potentialAction":[{"@type":"SearchAction","target":{"@type":"EntryPoint","urlTemplate":"https:\/\/muellermassage.ch\/?s={search_term_string}"},"query-input":"required name=search_term_string"}],"inLanguage":"de-CH"},{"@type":"WebPage","@id":"https:\/\/muellermassage.ch\/?page_id=17#webpage","url":"https:\/\/muellermassage.ch\/?page_id=17","name":"\u00dcber mich text - Anna M\u00fcller Massage","isPartOf":{"@id":"https:\/\/muellermassage.ch\/#website"},"datePublished":"2016-02-12T08:09:36+00:00","dateModified":"2020-09-29T10:31:20+00:00","breadcrumb":{"@id":"https:\/\/muellermassage.ch\/?page_id=17#breadcrumb"},"inLanguage":"de-CH","potentialAction":[{"@type":"ReadAction","target":["https:\/\/muellermassage.ch\/?page_id=17"]}]},{"@type":"BreadcrumbList","@id":"https:\/\/muellermassage.ch\/?page_id=17#breadcrumb","itemListElement":[{"@type":"ListItem","position":1,"name":"Home","item":"https:\/\/muellermassage.ch\/"},{"@type":"ListItem","position":2,"name":"\u00dcber mich text"}]}]}},"_links":{"self":[{"href":"https:\/\/muellermassage.ch\/index.php?rest_route=\/wp\/v2\/pages\/17"}],"collection":[{"href":"https:\/\/muellermassage.ch\/index.php?rest_route=\/wp\/v2\/pages"}],"about":[{"href":"https:\/\/muellermassage.ch\/index.php?rest_route=\/wp\/v2\/types\/page"}],"author":[{"embeddable":true,"href":"https:\/\/muellermassage.ch\/index.php?rest_route=\/wp\/v2\/users\/2"}],"replies":[{"embeddable":true,"href":"https:\/\/muellermassage.ch\/index.php?rest_route=%2Fwp%2Fv2%2Fcomments&post=17"}],"version-history":[{"count":4,"href":"https:\/\/muellermassage.ch\/index.php?rest_route=\/wp\/v2\/pages\/17\/revisions"}],"predecessor-version":[{"id":1564,"href":"https:\/\/muellermassage.ch\/index.php?rest_route=\/wp\/v2\/pages\/17\/revisions\/1564"}],"wp:attachment":[{"href":"https:\/\/muellermassage.ch\/index.php?rest_route=%2Fwp%2Fv2%2Fmedia&parent=17"}],"curies":[{"name":"wp","href":"https:\/\/api.w.org\/{rel}","templated":true}]}}