{"id":2,"date":"2019-09-10T11:16:03","date_gmt":"2019-09-10T09:16:03","guid":{"rendered":"https:\/\/muellermassage.ch\/?page_id=2"},"modified":"2020-09-29T11:43:09","modified_gmt":"2020-09-29T09:43:09","slug":"beispiel-seite","status":"publish","type":"page","link":"https:\/\/muellermassage.ch\/?page_id=2","title":{"rendered":"Beispiel-Seite"},"content":{"rendered":"\n<p>Dies ist eine Beispiel-Seite. Sie unterscheidet sich von Beitr\u00e4gen, da sie stets an derselben Stelle bleibt und (bei den meisten Themes) in der Website-Navigation angezeigt wird. Die meisten starten mit einem Impressum, der Datenschutzerkl\u00e4rung oder einer \u201e\u00dcber uns\u201c-Seite, um sich m\u00f6glichen Besucher der Website vorzustellen. Dort k\u00f6nnte zum Beispiel stehen:<\/p>\n\n\n\n<blockquote class=\"wp-block-quote\"><p>Hallo! Ich bin tags\u00fcber im Kurierdienst t\u00e4tig, nachts widme ich mich der Schauspielkunst, und das ist meine Website. Ich lebe in einer Grossstadt, habe einen tollen Hund und ich mag Getr\u00e4nke mit Schirmchen (aber nicht ohne Schirm im Regen zu stehen).<\/p><\/blockquote>\n\n\n\n<p>&#8230;oder so etwas wie das hier:<\/p>\n\n\n\n<blockquote class=\"wp-block-quote\"><p>Das Unternehmen XYZ wurde 1971 gegr\u00fcndet und versorgt die \u00d6ffentlichkeit seither mit qualitativ hochwertigen Produkten. An seinem Standort in einer kleinen Grossstadt besch\u00e4ftigt der Betrieb \u00fcber 2.000 Menschen und unterst\u00fctzt die Stadtbewohner in vielfacher Hinsicht.<\/p><\/blockquote>\n\n\n\n<p>Als neuer WordPress-Benutzer sollten Sie Ihr <a href=\"https:\/\/muellermassage.ch\/wp-admin\/\">Dashboard<\/a> aufrufen, um diese Seite zu l\u00f6schen und neue Seiten f\u00fcr Ihren Inhalt zu erstellen. Viel Spass!<\/p>\n","protected":false},"excerpt":{"rendered":"<p>Dies ist eine Beispiel-Seite. Sie unterscheidet sich von Beitr\u00e4gen, da sie stets an derselben Stelle bleibt und (bei den meisten Themes) in der Website-Navigation angezeigt wird. Die meisten starten mit einem Impressum, der Datenschutzerkl\u00e4rung oder einer \u201e\u00dcber uns\u201c-Seite, um sich m\u00f6glichen Besucher der Website vorzustellen. Dort k\u00f6nnte zum Beispiel stehen: Hallo! Ich bin tags\u00fcber im [&hellip;]<\/p>\n","protected":false},"author":1,"featured_media":0,"parent":0,"menu_order":0,"comment_status":"closed","ping_status":"open","template":"","meta":{"_et_pb_use_builder":"","_et_pb_old_content":"","_et_gb_content_width":""},"yoast_head":"<!-- This site is optimized with the Yoast SEO plugin v18.2 - https:\/\/yoast.com\/wordpress\/plugins\/seo\/ -->\n<title>Beispiel-Seite - Anna M\u00fcller Massage<\/title>\n<meta name=\"robots\" content=\"index, follow, max-snippet:-1, max-image-preview:large, max-video-preview:-1\" \/>\n<link rel=\"canonical\" href=\"https:\/\/muellermassage.ch\/?page_id=2\" \/>\n<meta property=\"og:locale\" content=\"de_DE\" \/>\n<meta property=\"og:type\" content=\"article\" \/>\n<meta property=\"og:title\" content=\"Beispiel-Seite - Anna M\u00fcller Massage\" \/>\n<meta property=\"og:description\" content=\"Dies ist eine Beispiel-Seite. Sie unterscheidet sich von Beitr\u00e4gen, da sie stets an derselben Stelle bleibt und (bei den meisten Themes) in der Website-Navigation angezeigt wird. Die meisten starten mit einem Impressum, der Datenschutzerkl\u00e4rung oder einer \u201e\u00dcber uns\u201c-Seite, um sich m\u00f6glichen Besucher der Website vorzustellen. Dort k\u00f6nnte zum Beispiel stehen: Hallo! Ich bin tags\u00fcber im [&hellip;]\" \/>\n<meta property=\"og:url\" content=\"https:\/\/muellermassage.ch\/?page_id=2\" \/>\n<meta property=\"og:site_name\" content=\"Anna M\u00fcller Massage\" \/>\n<meta property=\"article:modified_time\" content=\"2020-09-29T09:43:09+00:00\" \/>\n<meta name=\"twitter:card\" content=\"summary_large_image\" \/>\n<meta name=\"twitter:label1\" content=\"Est. reading time\" \/>\n\t<meta name=\"twitter:data1\" content=\"1 Minute\" \/>\n<script type=\"application\/ld+json\" class=\"yoast-schema-graph\">{\"@context\":\"https:\/\/schema.org\",\"@graph\":[{\"@type\":\"Organization\",\"@id\":\"https:\/\/muellermassage.ch\/#organization\",\"name\":\"Massage Praxis Anna M\u00fcller Meggen\",\"url\":\"https:\/\/muellermassage.ch\/\",\"sameAs\":[\"https:\/\/www.instagram.com\/massagepraxis_anna_mueller\/\"],\"logo\":{\"@type\":\"ImageObject\",\"@id\":\"https:\/\/muellermassage.ch\/#logo\",\"inLanguage\":\"de-CH\",\"url\":\"https:\/\/muellermassage.ch\/wp-content\/uploads\/2019\/11\/MassageraumAnna1.jpg\",\"contentUrl\":\"https:\/\/muellermassage.ch\/wp-content\/uploads\/2019\/11\/MassageraumAnna1.jpg\",\"width\":1024,\"height\":688,\"caption\":\"Massage Praxis Anna M\u00fcller Meggen\"},\"image\":{\"@id\":\"https:\/\/muellermassage.ch\/#logo\"}},{\"@type\":\"WebSite\",\"@id\":\"https:\/\/muellermassage.ch\/#website\",\"url\":\"https:\/\/muellermassage.ch\/\",\"name\":\"Anna M\u00fcller Massage\",\"description\":\"Massage in Meggen\",\"publisher\":{\"@id\":\"https:\/\/muellermassage.ch\/#organization\"},\"potentialAction\":[{\"@type\":\"SearchAction\",\"target\":{\"@type\":\"EntryPoint\",\"urlTemplate\":\"https:\/\/muellermassage.ch\/?s={search_term_string}\"},\"query-input\":\"required name=search_term_string\"}],\"inLanguage\":\"de-CH\"},{\"@type\":\"WebPage\",\"@id\":\"https:\/\/muellermassage.ch\/?page_id=2#webpage\",\"url\":\"https:\/\/muellermassage.ch\/?page_id=2\",\"name\":\"Beispiel-Seite - Anna M\u00fcller Massage\",\"isPartOf\":{\"@id\":\"https:\/\/muellermassage.ch\/#website\"},\"datePublished\":\"2019-09-10T09:16:03+00:00\",\"dateModified\":\"2020-09-29T09:43:09+00:00\",\"breadcrumb\":{\"@id\":\"https:\/\/muellermassage.ch\/?page_id=2#breadcrumb\"},\"inLanguage\":\"de-CH\",\"potentialAction\":[{\"@type\":\"ReadAction\",\"target\":[\"https:\/\/muellermassage.ch\/?page_id=2\"]}]},{\"@type\":\"BreadcrumbList\",\"@id\":\"https:\/\/muellermassage.ch\/?page_id=2#breadcrumb\",\"itemListElement\":[{\"@type\":\"ListItem\",\"position\":1,\"name\":\"Home\",\"item\":\"https:\/\/muellermassage.ch\/\"},{\"@type\":\"ListItem\",\"position\":2,\"name\":\"Beispiel-Seite\"}]}]}<\/script>\n<!-- \/ Yoast SEO plugin. -->","yoast_head_json":{"title":"Beispiel-Seite - Anna M\u00fcller Massage","robots":{"index":"index","follow":"follow","max-snippet":"max-snippet:-1","max-image-preview":"max-image-preview:large","max-video-preview":"max-video-preview:-1"},"canonical":"https:\/\/muellermassage.ch\/?page_id=2","og_locale":"de_DE","og_type":"article","og_title":"Beispiel-Seite - Anna M\u00fcller Massage","og_description":"Dies ist eine Beispiel-Seite. Sie unterscheidet sich von Beitr\u00e4gen, da sie stets an derselben Stelle bleibt und (bei den meisten Themes) in der Website-Navigation angezeigt wird. Die meisten starten mit einem Impressum, der Datenschutzerkl\u00e4rung oder einer \u201e\u00dcber uns\u201c-Seite, um sich m\u00f6glichen Besucher der Website vorzustellen. Dort k\u00f6nnte zum Beispiel stehen: Hallo! Ich bin tags\u00fcber im [&hellip;]","og_url":"https:\/\/muellermassage.ch\/?page_id=2","og_site_name":"Anna M\u00fcller Massage","article_modified_time":"2020-09-29T09:43:09+00:00","twitter_card":"summary_large_image","twitter_misc":{"Est. reading time":"1 Minute"},"schema":{"@context":"https:\/\/schema.org","@graph":[{"@type":"Organization","@id":"https:\/\/muellermassage.ch\/#organization","name":"Massage Praxis Anna M\u00fcller Meggen","url":"https:\/\/muellermassage.ch\/","sameAs":["https:\/\/www.instagram.com\/massagepraxis_anna_mueller\/"],"logo":{"@type":"ImageObject","@id":"https:\/\/muellermassage.ch\/#logo","inLanguage":"de-CH","url":"https:\/\/muellermassage.ch\/wp-content\/uploads\/2019\/11\/MassageraumAnna1.jpg","contentUrl":"https:\/\/muellermassage.ch\/wp-content\/uploads\/2019\/11\/MassageraumAnna1.jpg","width":1024,"height":688,"caption":"Massage Praxis Anna M\u00fcller Meggen"},"image":{"@id":"https:\/\/muellermassage.ch\/#logo"}},{"@type":"WebSite","@id":"https:\/\/muellermassage.ch\/#website","url":"https:\/\/muellermassage.ch\/","name":"Anna M\u00fcller Massage","description":"Massage in Meggen","publisher":{"@id":"https:\/\/muellermassage.ch\/#organization"},"potentialAction":[{"@type":"SearchAction","target":{"@type":"EntryPoint","urlTemplate":"https:\/\/muellermassage.ch\/?s={search_term_string}"},"query-input":"required name=search_term_string"}],"inLanguage":"de-CH"},{"@type":"WebPage","@id":"https:\/\/muellermassage.ch\/?page_id=2#webpage","url":"https:\/\/muellermassage.ch\/?page_id=2","name":"Beispiel-Seite - Anna M\u00fcller Massage","isPartOf":{"@id":"https:\/\/muellermassage.ch\/#website"},"datePublished":"2019-09-10T09:16:03+00:00","dateModified":"2020-09-29T09:43:09+00:00","breadcrumb":{"@id":"https:\/\/muellermassage.ch\/?page_id=2#breadcrumb"},"inLanguage":"de-CH","potentialAction":[{"@type":"ReadAction","target":["https:\/\/muellermassage.ch\/?page_id=2"]}]},{"@type":"BreadcrumbList","@id":"https:\/\/muellermassage.ch\/?page_id=2#breadcrumb","itemListElement":[{"@type":"ListItem","position":1,"name":"Home","item":"https:\/\/muellermassage.ch\/"},{"@type":"ListItem","position":2,"name":"Beispiel-Seite"}]}]}},"_links":{"self":[{"href":"https:\/\/muellermassage.ch\/index.php?rest_route=\/wp\/v2\/pages\/2"}],"collection":[{"href":"https:\/\/muellermassage.ch\/index.php?rest_route=\/wp\/v2\/pages"}],"about":[{"href":"https:\/\/muellermassage.ch\/index.php?rest_route=\/wp\/v2\/types\/page"}],"author":[{"embeddable":true,"href":"https:\/\/muellermassage.ch\/index.php?rest_route=\/wp\/v2\/users\/1"}],"replies":[{"embeddable":true,"href":"https:\/\/muellermassage.ch\/index.php?rest_route=%2Fwp%2Fv2%2Fcomments&post=2"}],"version-history":[{"count":1,"href":"https:\/\/muellermassage.ch\/index.php?rest_route=\/wp\/v2\/pages\/2\/revisions"}],"predecessor-version":[{"id":9,"href":"https:\/\/muellermassage.ch\/index.php?rest_route=\/wp\/v2\/pages\/2\/revisions\/9"}],"wp:attachment":[{"href":"https:\/\/muellermassage.ch\/index.php?rest_route=%2Fwp%2Fv2%2Fmedia&parent=2"}],"curies":[{"name":"wp","href":"https:\/\/api.w.org\/{rel}","templated":true}]}}